{"id":11,"date":"2017-05-29T23:26:47","date_gmt":"2017-05-30T03:26:47","guid":{"rendered":"https:\/\/www.summitreliability.com?page_id=11"},"modified":"2021-09-10T09:58:16","modified_gmt":"2021-09-10T13:58:16","slug":"expertise","status":"publish","type":"page","link":"https:\/\/www.summitreliability.com\/fr\/expertise\/","title":{"rendered":"Expertise"},"content":{"rendered":"<h3><strong>Gestion des actifs de performance<\/strong><\/h3>\n<p><strong>La fa\u00e7on dont nous g\u00e9rons et exploitons les actifs physiques au sein de nos usines a chang\u00e9 au cours des ann\u00e9es. Nous avons introduit la planification et l&#8217;ordonnancement, les pratiques d&#8217;exploitation standard, la maintenance pr\u00e9ventive et pr\u00e9dictive, ainsi que la fiabilit\u00e9, l&#8217;excellence op\u00e9rationnelle, la gestion de la cha\u00eene d&#8217;approvisionnement et les philosophies de gestion d&#8217;actifs.<\/strong> Pourtant, dans toutes ces \u00e9volutions, il subsiste une constante; Les organisations sont constitu\u00e9es de personnes. L&#8217;utilisation efficace et efficiente de ces ressources est essentielle \u00e0 la r\u00e9alisation d&#8217;une performance durable maximale. Summit Reliability Global associe les meilleures pratiques techniques, culturelles et organisationnelles de la classe pour d\u00e9finir et g\u00e9n\u00e9rer l&#8217;organisation et les outils n\u00e9cessaires pour atteindre les objectifs de votre entreprise et de bien positionner votre organisation permettant de\u00a0relever tous les d\u00e9fis futurs.<\/p>\n","protected":false},"excerpt":{"rendered":"<p>Gestion des actifs de performance La fa\u00e7on dont nous g\u00e9rons et exploitons les actifs physiques au sein de nos usines a chang\u00e9 au cours des ann\u00e9es. Nous avons introduit la planification et l&#8217;ordonnancement, les pratiques d&#8217;exploitation standard, la maintenance pr\u00e9ventive et pr\u00e9dictive, ainsi que la fiabilit\u00e9, l&#8217;excellence op\u00e9rationnelle, la gestion de la cha\u00eene d&#8217;approvisionnement et &hellip; <\/p>\n<p class=\"link-more\"><a href=\"https:\/\/www.summitreliability.com\/fr\/expertise\/\" class=\"more-link\">Continuer la lecture<span class=\"screen-reader-text\"> de &laquo;&nbsp;Expertise&nbsp;&raquo;<\/span><\/a><\/p>\n","protected":false},"author":7,"featured_media":866,"parent":0,"menu_order":1,"comment_status":"closed","ping_status":"closed","template":"expertise-page.php","meta":{"_acf_changed":false,"footnotes":""},"class_list":["post-11","page","type-page","status-publish","has-post-thumbnail","hentry"],"acf":[],"yoast_head":"<!-- This site is optimized with the Yoast SEO plugin v26.9 - https:\/\/yoast.com\/product\/yoast-seo-wordpress\/ -->\n<title>Expertise - Summit Reliability Global Inc.<\/title>\n<meta name=\"robots\" content=\"index, follow, max-snippet:-1, max-image-preview:large, max-video-preview:-1\" \/>\n<link rel=\"canonical\" href=\"https:\/\/www.summitreliability.com\/fr\/expertise\/\" \/>\n<meta property=\"og:locale\" content=\"fr_FR\" \/>\n<meta property=\"og:type\" content=\"article\" \/>\n<meta property=\"og:title\" content=\"Expertise - Summit Reliability Global Inc.\" \/>\n<meta property=\"og:description\" content=\"Gestion des actifs de performance La fa\u00e7on dont nous g\u00e9rons et exploitons les actifs physiques au sein de nos usines a chang\u00e9 au cours des ann\u00e9es. Nous avons introduit la planification et l&#8217;ordonnancement, les pratiques d&#8217;exploitation standard, la maintenance pr\u00e9ventive et pr\u00e9dictive, ainsi que la fiabilit\u00e9, l&#8217;excellence op\u00e9rationnelle, la gestion de la cha\u00eene d&#8217;approvisionnement et &hellip; Continuer la lecture de &laquo;&nbsp;Expertise&nbsp;&raquo;\" \/>\n<meta property=\"og:url\" content=\"https:\/\/www.summitreliability.com\/fr\/expertise\/\" \/>\n<meta property=\"og:site_name\" content=\"Summit Reliability Global Inc.\" \/>\n<meta property=\"article:modified_time\" content=\"2021-09-10T13:58:16+00:00\" \/>\n<meta property=\"og:image\" content=\"https:\/\/www.summitreliability.com\/wp-content\/uploads\/2021\/09\/christina-hawkins-VDpYOvZm2Ok-unsplash.jpg\" \/>\n\t<meta property=\"og:image:width\" content=\"2400\" \/>\n\t<meta property=\"og:image:height\" content=\"1600\" \/>\n\t<meta property=\"og:image:type\" content=\"image\/jpeg\" \/>\n<meta name=\"twitter:card\" content=\"summary_large_image\" \/>\n<meta name=\"twitter:label1\" content=\"Dur\u00e9e de lecture estim\u00e9e\" \/>\n\t<meta name=\"twitter:data1\" content=\"1 minute\" \/>\n<script type=\"application\/ld+json\" class=\"yoast-schema-graph\">{\"@context\":\"https:\/\/schema.org\",\"@graph\":[{\"@type\":\"WebPage\",\"@id\":\"https:\/\/www.summitreliability.com\/fr\/expertise\/\",\"url\":\"https:\/\/www.summitreliability.com\/fr\/expertise\/\",\"name\":\"Expertise - Summit Reliability Global Inc.\",\"isPartOf\":{\"@id\":\"https:\/\/www.summitreliability.com\/#website\"},\"primaryImageOfPage\":{\"@id\":\"https:\/\/www.summitreliability.com\/fr\/expertise\/#primaryimage\"},\"image\":{\"@id\":\"https:\/\/www.summitreliability.com\/fr\/expertise\/#primaryimage\"},\"thumbnailUrl\":\"https:\/\/www.summitreliability.com\/wp-content\/uploads\/2021\/09\/christina-hawkins-VDpYOvZm2Ok-unsplash.jpg\",\"datePublished\":\"2017-05-30T03:26:47+00:00\",\"dateModified\":\"2021-09-10T13:58:16+00:00\",\"breadcrumb\":{\"@id\":\"https:\/\/www.summitreliability.com\/fr\/expertise\/#breadcrumb\"},\"inLanguage\":\"fr-FR\",\"potentialAction\":[{\"@type\":\"ReadAction\",\"target\":[\"https:\/\/www.summitreliability.com\/fr\/expertise\/\"]}]},{\"@type\":\"ImageObject\",\"inLanguage\":\"fr-FR\",\"@id\":\"https:\/\/www.summitreliability.com\/fr\/expertise\/#primaryimage\",\"url\":\"https:\/\/www.summitreliability.com\/wp-content\/uploads\/2021\/09\/christina-hawkins-VDpYOvZm2Ok-unsplash.jpg\",\"contentUrl\":\"https:\/\/www.summitreliability.com\/wp-content\/uploads\/2021\/09\/christina-hawkins-VDpYOvZm2Ok-unsplash.jpg\",\"width\":2400,\"height\":1600},{\"@type\":\"BreadcrumbList\",\"@id\":\"https:\/\/www.summitreliability.com\/fr\/expertise\/#breadcrumb\",\"itemListElement\":[{\"@type\":\"ListItem\",\"position\":1,\"name\":\"Home\",\"item\":\"https:\/\/www.summitreliability.com\/fr\/\"},{\"@type\":\"ListItem\",\"position\":2,\"name\":\"Expertise\"}]},{\"@type\":\"WebSite\",\"@id\":\"https:\/\/www.summitreliability.com\/#website\",\"url\":\"https:\/\/www.summitreliability.com\/\",\"name\":\"Summit Reliability Global Inc.\",\"description\":\"It&#039;s About The People\",\"publisher\":{\"@id\":\"https:\/\/www.summitreliability.com\/#organization\"},\"potentialAction\":[{\"@type\":\"SearchAction\",\"target\":{\"@type\":\"EntryPoint\",\"urlTemplate\":\"https:\/\/www.summitreliability.com\/?s={search_term_string}\"},\"query-input\":{\"@type\":\"PropertyValueSpecification\",\"valueRequired\":true,\"valueName\":\"search_term_string\"}}],\"inLanguage\":\"fr-FR\"},{\"@type\":\"Organization\",\"@id\":\"https:\/\/www.summitreliability.com\/#organization\",\"name\":\"Summit Reliability Global inc.\",\"url\":\"https:\/\/www.summitreliability.com\/\",\"logo\":{\"@type\":\"ImageObject\",\"inLanguage\":\"fr-FR\",\"@id\":\"https:\/\/www.summitreliability.com\/#\/schema\/logo\/image\/\",\"url\":\"https:\/\/www.summitreliability.com\/wp-content\/uploads\/2017\/05\/summit-logo.png\",\"contentUrl\":\"https:\/\/www.summitreliability.com\/wp-content\/uploads\/2017\/05\/summit-logo.png\",\"width\":174,\"height\":80,\"caption\":\"Summit Reliability Global inc.\"},\"image\":{\"@id\":\"https:\/\/www.summitreliability.com\/#\/schema\/logo\/image\/\"}}]}<\/script>\n<!-- \/ Yoast SEO plugin. -->","yoast_head_json":{"title":"Expertise - Summit Reliability Global Inc.","robots":{"index":"index","follow":"follow","max-snippet":"max-snippet:-1","max-image-preview":"max-image-preview:large","max-video-preview":"max-video-preview:-1"},"canonical":"https:\/\/www.summitreliability.com\/fr\/expertise\/","og_locale":"fr_FR","og_type":"article","og_title":"Expertise - Summit Reliability Global Inc.","og_description":"Gestion des actifs de performance La fa\u00e7on dont nous g\u00e9rons et exploitons les actifs physiques au sein de nos usines a chang\u00e9 au cours des ann\u00e9es. Nous avons introduit la planification et l&#8217;ordonnancement, les pratiques d&#8217;exploitation standard, la maintenance pr\u00e9ventive et pr\u00e9dictive, ainsi que la fiabilit\u00e9, l&#8217;excellence op\u00e9rationnelle, la gestion de la cha\u00eene d&#8217;approvisionnement et &hellip; Continuer la lecture de &laquo;&nbsp;Expertise&nbsp;&raquo;","og_url":"https:\/\/www.summitreliability.com\/fr\/expertise\/","og_site_name":"Summit Reliability Global Inc.","article_modified_time":"2021-09-10T13:58:16+00:00","og_image":[{"width":2400,"height":1600,"url":"https:\/\/www.summitreliability.com\/wp-content\/uploads\/2021\/09\/christina-hawkins-VDpYOvZm2Ok-unsplash.jpg","type":"image\/jpeg"}],"twitter_card":"summary_large_image","twitter_misc":{"Dur\u00e9e de lecture estim\u00e9e":"1 minute"},"schema":{"@context":"https:\/\/schema.org","@graph":[{"@type":"WebPage","@id":"https:\/\/www.summitreliability.com\/fr\/expertise\/","url":"https:\/\/www.summitreliability.com\/fr\/expertise\/","name":"Expertise - Summit Reliability Global Inc.","isPartOf":{"@id":"https:\/\/www.summitreliability.com\/#website"},"primaryImageOfPage":{"@id":"https:\/\/www.summitreliability.com\/fr\/expertise\/#primaryimage"},"image":{"@id":"https:\/\/www.summitreliability.com\/fr\/expertise\/#primaryimage"},"thumbnailUrl":"https:\/\/www.summitreliability.com\/wp-content\/uploads\/2021\/09\/christina-hawkins-VDpYOvZm2Ok-unsplash.jpg","datePublished":"2017-05-30T03:26:47+00:00","dateModified":"2021-09-10T13:58:16+00:00","breadcrumb":{"@id":"https:\/\/www.summitreliability.com\/fr\/expertise\/#breadcrumb"},"inLanguage":"fr-FR","potentialAction":[{"@type":"ReadAction","target":["https:\/\/www.summitreliability.com\/fr\/expertise\/"]}]},{"@type":"ImageObject","inLanguage":"fr-FR","@id":"https:\/\/www.summitreliability.com\/fr\/expertise\/#primaryimage","url":"https:\/\/www.summitreliability.com\/wp-content\/uploads\/2021\/09\/christina-hawkins-VDpYOvZm2Ok-unsplash.jpg","contentUrl":"https:\/\/www.summitreliability.com\/wp-content\/uploads\/2021\/09\/christina-hawkins-VDpYOvZm2Ok-unsplash.jpg","width":2400,"height":1600},{"@type":"BreadcrumbList","@id":"https:\/\/www.summitreliability.com\/fr\/expertise\/#breadcrumb","itemListElement":[{"@type":"ListItem","position":1,"name":"Home","item":"https:\/\/www.summitreliability.com\/fr\/"},{"@type":"ListItem","position":2,"name":"Expertise"}]},{"@type":"WebSite","@id":"https:\/\/www.summitreliability.com\/#website","url":"https:\/\/www.summitreliability.com\/","name":"Summit Reliability Global Inc.","description":"It&#039;s About The People","publisher":{"@id":"https:\/\/www.summitreliability.com\/#organization"},"potentialAction":[{"@type":"SearchAction","target":{"@type":"EntryPoint","urlTemplate":"https:\/\/www.summitreliability.com\/?s={search_term_string}"},"query-input":{"@type":"PropertyValueSpecification","valueRequired":true,"valueName":"search_term_string"}}],"inLanguage":"fr-FR"},{"@type":"Organization","@id":"https:\/\/www.summitreliability.com\/#organization","name":"Summit Reliability Global inc.","url":"https:\/\/www.summitreliability.com\/","logo":{"@type":"ImageObject","inLanguage":"fr-FR","@id":"https:\/\/www.summitreliability.com\/#\/schema\/logo\/image\/","url":"https:\/\/www.summitreliability.com\/wp-content\/uploads\/2017\/05\/summit-logo.png","contentUrl":"https:\/\/www.summitreliability.com\/wp-content\/uploads\/2017\/05\/summit-logo.png","width":174,"height":80,"caption":"Summit Reliability Global inc."},"image":{"@id":"https:\/\/www.summitreliability.com\/#\/schema\/logo\/image\/"}}]}},"_links":{"self":[{"href":"https:\/\/www.summitreliability.com\/fr\/wp-json\/wp\/v2\/pages\/11","targetHints":{"allow":["GET"]}}],"collection":[{"href":"https:\/\/www.summitreliability.com\/fr\/wp-json\/wp\/v2\/pages"}],"about":[{"href":"https:\/\/www.summitreliability.com\/fr\/wp-json\/wp\/v2\/types\/page"}],"author":[{"embeddable":true,"href":"https:\/\/www.summitreliability.com\/fr\/wp-json\/wp\/v2\/users\/7"}],"replies":[{"embeddable":true,"href":"https:\/\/www.summitreliability.com\/fr\/wp-json\/wp\/v2\/comments?post=11"}],"version-history":[{"count":0,"href":"https:\/\/www.summitreliability.com\/fr\/wp-json\/wp\/v2\/pages\/11\/revisions"}],"wp:featuredmedia":[{"embeddable":true,"href":"https:\/\/www.summitreliability.com\/fr\/wp-json\/wp\/v2\/media\/866"}],"wp:attachment":[{"href":"https:\/\/www.summitreliability.com\/fr\/wp-json\/wp\/v2\/media?parent=11"}],"curies":[{"name":"wp","href":"https:\/\/api.w.org\/{rel}","templated":true}]}}